{"id":26,"date":"2024-08-12T09:29:43","date_gmt":"2024-08-12T07:29:43","guid":{"rendered":"http:\/\/cms.lexax.pl\/?page_id=26"},"modified":"2025-11-07T10:25:57","modified_gmt":"2025-11-07T09:25:57","slug":"kontakt","status":"publish","type":"page","link":"https:\/\/cms.lexax.pl\/index.php\/kontakt\/","title":{"rendered":"Kontakt"},"content":{"rendered":"","protected":false},"excerpt":{"rendered":"","protected":false},"author":1,"featured_media":0,"parent":0,"menu_order":0,"comment_status":"closed","ping_status":"closed","template":"","meta":{"_acf_changed":false,"footnotes":""},"class_list":["post-26","page","type-page","status-publish","hentry"],"acf":[],"yoast_head":"<!-- This site is optimized with the Yoast SEO plugin v23.2 - https:\/\/yoast.com\/wordpress\/plugins\/seo\/ -->\n<title>Kontakt \u2013 LEX AX Kancelaria Prawna Koszalin<\/title>\n<meta name=\"description\" content=\"Skontaktuj si\u0119 z Kancelari\u0105 LEX AX w Koszalinie. Oferujemy kompleksow\u0105 pomoc prawn\u0105 dla os\u00f3b prywatnych i firm na Pomorzu \u2013 od Szczecina po Gda\u0144sk.\" \/>\n<meta name=\"robots\" content=\"noindex, follow, max-snippet:-1, max-image-preview:large, max-video-preview:-1\" \/>\n<meta property=\"og:locale\" content=\"pl_PL\" \/>\n<meta property=\"og:type\" content=\"article\" \/>\n<meta property=\"og:title\" content=\"Kontakt \u2013 LEX AX Kancelaria Prawna Koszalin\" \/>\n<meta property=\"og:description\" content=\"Skontaktuj si\u0119 z Kancelari\u0105 LEX AX w Koszalinie. Oferujemy kompleksow\u0105 pomoc prawn\u0105 dla os\u00f3b prywatnych i firm na Pomorzu \u2013 od Szczecina po Gda\u0144sk.\" \/>\n<meta property=\"og:url\" content=\"https:\/\/cms.lexax.pl\/index.php\/kontakt\/\" \/>\n<meta property=\"og:site_name\" content=\"Lex AX\" \/>\n<meta property=\"article:modified_time\" content=\"2025-11-07T09:25:57+00:00\" \/>\n<meta name=\"twitter:card\" content=\"summary_large_image\" \/>\n<script type=\"application\/ld+json\" class=\"yoast-schema-graph\">{\"@context\":\"https:\/\/schema.org\",\"@graph\":[{\"@type\":\"WebPage\",\"@id\":\"https:\/\/cms.lexax.pl\/index.php\/kontakt\/\",\"url\":\"https:\/\/cms.lexax.pl\/index.php\/kontakt\/\",\"name\":\"Kontakt \u2013 LEX AX Kancelaria Prawna Koszalin\",\"isPartOf\":{\"@id\":\"https:\/\/cms.lexax.pl\/#website\"},\"datePublished\":\"2024-08-12T07:29:43+00:00\",\"dateModified\":\"2025-11-07T09:25:57+00:00\",\"description\":\"Skontaktuj si\u0119 z Kancelari\u0105 LEX AX w Koszalinie. Oferujemy kompleksow\u0105 pomoc prawn\u0105 dla os\u00f3b prywatnych i firm na Pomorzu \u2013 od Szczecina po Gda\u0144sk.\",\"breadcrumb\":{\"@id\":\"https:\/\/cms.lexax.pl\/index.php\/kontakt\/#breadcrumb\"},\"inLanguage\":\"pl-PL\",\"potentialAction\":[{\"@type\":\"ReadAction\",\"target\":[\"https:\/\/cms.lexax.pl\/index.php\/kontakt\/\"]}]},{\"@type\":\"BreadcrumbList\",\"@id\":\"https:\/\/cms.lexax.pl\/index.php\/kontakt\/#breadcrumb\",\"itemListElement\":[{\"@type\":\"ListItem\",\"position\":1,\"name\":\"Strona g\u0142\u00f3wna\",\"item\":\"https:\/\/cms.lexax.pl\/\"},{\"@type\":\"ListItem\",\"position\":2,\"name\":\"Kontakt\"}]},{\"@type\":\"WebSite\",\"@id\":\"https:\/\/cms.lexax.pl\/#website\",\"url\":\"https:\/\/cms.lexax.pl\/\",\"name\":\"Lex AX\",\"description\":\"\",\"potentialAction\":[{\"@type\":\"SearchAction\",\"target\":{\"@type\":\"EntryPoint\",\"urlTemplate\":\"https:\/\/cms.lexax.pl\/?s={search_term_string}\"},\"query-input\":\"required name=search_term_string\"}],\"inLanguage\":\"pl-PL\"}]}<\/script>\n<!-- \/ Yoast SEO plugin. -->","yoast_head_json":{"title":"Kontakt \u2013 LEX AX Kancelaria Prawna Koszalin","description":"Skontaktuj si\u0119 z Kancelari\u0105 LEX AX w Koszalinie. Oferujemy kompleksow\u0105 pomoc prawn\u0105 dla os\u00f3b prywatnych i firm na Pomorzu \u2013 od Szczecina po Gda\u0144sk.","robots":{"index":"noindex","follow":"follow","max-snippet":"max-snippet:-1","max-image-preview":"max-image-preview:large","max-video-preview":"max-video-preview:-1"},"og_locale":"pl_PL","og_type":"article","og_title":"Kontakt \u2013 LEX AX Kancelaria Prawna Koszalin","og_description":"Skontaktuj si\u0119 z Kancelari\u0105 LEX AX w Koszalinie. Oferujemy kompleksow\u0105 pomoc prawn\u0105 dla os\u00f3b prywatnych i firm na Pomorzu \u2013 od Szczecina po Gda\u0144sk.","og_url":"https:\/\/cms.lexax.pl\/index.php\/kontakt\/","og_site_name":"Lex AX","article_modified_time":"2025-11-07T09:25:57+00:00","twitter_card":"summary_large_image","schema":{"@context":"https:\/\/schema.org","@graph":[{"@type":"WebPage","@id":"https:\/\/cms.lexax.pl\/index.php\/kontakt\/","url":"https:\/\/cms.lexax.pl\/index.php\/kontakt\/","name":"Kontakt \u2013 LEX AX Kancelaria Prawna Koszalin","isPartOf":{"@id":"https:\/\/cms.lexax.pl\/#website"},"datePublished":"2024-08-12T07:29:43+00:00","dateModified":"2025-11-07T09:25:57+00:00","description":"Skontaktuj si\u0119 z Kancelari\u0105 LEX AX w Koszalinie. Oferujemy kompleksow\u0105 pomoc prawn\u0105 dla os\u00f3b prywatnych i firm na Pomorzu \u2013 od Szczecina po Gda\u0144sk.","breadcrumb":{"@id":"https:\/\/cms.lexax.pl\/index.php\/kontakt\/#breadcrumb"},"inLanguage":"pl-PL","potentialAction":[{"@type":"ReadAction","target":["https:\/\/cms.lexax.pl\/index.php\/kontakt\/"]}]},{"@type":"BreadcrumbList","@id":"https:\/\/cms.lexax.pl\/index.php\/kontakt\/#breadcrumb","itemListElement":[{"@type":"ListItem","position":1,"name":"Strona g\u0142\u00f3wna","item":"https:\/\/cms.lexax.pl\/"},{"@type":"ListItem","position":2,"name":"Kontakt"}]},{"@type":"WebSite","@id":"https:\/\/cms.lexax.pl\/#website","url":"https:\/\/cms.lexax.pl\/","name":"Lex AX","description":"","potentialAction":[{"@type":"SearchAction","target":{"@type":"EntryPoint","urlTemplate":"https:\/\/cms.lexax.pl\/?s={search_term_string}"},"query-input":"required name=search_term_string"}],"inLanguage":"pl-PL"}]}},"_links":{"self":[{"href":"https:\/\/cms.lexax.pl\/index.php\/wp-json\/wp\/v2\/pages\/26","targetHints":{"allow":["GET"]}}],"collection":[{"href":"https:\/\/cms.lexax.pl\/index.php\/wp-json\/wp\/v2\/pages"}],"about":[{"href":"https:\/\/cms.lexax.pl\/index.php\/wp-json\/wp\/v2\/types\/page"}],"author":[{"embeddable":true,"href":"https:\/\/cms.lexax.pl\/index.php\/wp-json\/wp\/v2\/users\/1"}],"replies":[{"embeddable":true,"href":"https:\/\/cms.lexax.pl\/index.php\/wp-json\/wp\/v2\/comments?post=26"}],"version-history":[{"count":3,"href":"https:\/\/cms.lexax.pl\/index.php\/wp-json\/wp\/v2\/pages\/26\/revisions"}],"predecessor-version":[{"id":162,"href":"https:\/\/cms.lexax.pl\/index.php\/wp-json\/wp\/v2\/pages\/26\/revisions\/162"}],"wp:attachment":[{"href":"https:\/\/cms.lexax.pl\/index.php\/wp-json\/wp\/v2\/media?parent=26"}],"curies":[{"name":"wp","href":"https:\/\/api.w.org\/{rel}","templated":true}]}}